{"id":906,"date":"2026-04-07T17:10:11","date_gmt":"2026-04-07T15:10:11","guid":{"rendered":"https:\/\/initiativeconduite.com\/?page_id=906"},"modified":"2026-04-07T17:12:19","modified_gmt":"2026-04-07T15:12:19","slug":"notre-agence-initiative-conduite-lycee-saint-front","status":"publish","type":"page","link":"https:\/\/initiativeconduite.com\/index.php\/notre-agence-initiative-conduite-lycee-saint-front\/","title":{"rendered":"Notre agence Initiative Conduite Lyc\u00e9e Saint Front"},"content":{"rendered":"\n<h1 class=\"wp-block-heading\"><strong>A Bergerac :<\/strong><\/h1>\n\n\n\n<figure class=\"wp-block-image size-large is-resized\"><img loading=\"lazy\" decoding=\"async\" width=\"768\" height=\"1024\" src=\"https:\/\/initiativeconduite.com\/wp-content\/uploads\/2026\/04\/IMG_0749-768x1024.jpeg\" alt=\"\" class=\"wp-image-899\" style=\"aspect-ratio:0.7500122327151735;width:215px;height:auto\" srcset=\"https:\/\/initiativeconduite.com\/wp-content\/uploads\/2026\/04\/IMG_0749-768x1024.jpeg 768w, https:\/\/initiativeconduite.com\/wp-content\/uploads\/2026\/04\/IMG_0749-225x300.jpeg 225w, https:\/\/initiativeconduite.com\/wp-content\/uploads\/2026\/04\/IMG_0749-1152x1536.jpeg 1152w, https:\/\/initiativeconduite.com\/wp-content\/uploads\/2026\/04\/IMG_0749-1536x2048.jpeg 1536w, https:\/\/initiativeconduite.com\/wp-content\/uploads\/2026\/04\/IMG_0749-scaled.jpeg 1920w\" sizes=\"auto, (max-width: 768px) 100vw, 768px\" \/><\/figure>\n\n\n\n<p>En face du lyc\u00e9e Saint Front <\/p>\n\n\n\n<p>53 avenue Pasteur<\/p>\n\n\n\n<p>24100 BERGERAC <\/p>\n\n\n\n<p>T\u00e9l\u00e9phone : 09 62 23 19 91<\/p>\n\n\n\n<p>@&nbsp;: <a href=\"mailto:initiativeconduite@gmail.com\">initiativeconduite@gmail.com<\/a><\/p>\n\n\n<div class=\"wp-block-image\">\n<figure class=\"alignright\"><img loading=\"lazy\" decoding=\"async\" width=\"300\" height=\"225\" src=\"https:\/\/initiativeconduite.com\/wp-content\/uploads\/2023\/02\/IMG_1339-300x225.jpg\" alt=\"\" class=\"wp-image-610\" srcset=\"https:\/\/initiativeconduite.com\/wp-content\/uploads\/2023\/02\/IMG_1339-300x225.jpg 300w, https:\/\/initiativeconduite.com\/wp-content\/uploads\/2023\/02\/IMG_1339-1024x768.jpg 1024w, https:\/\/initiativeconduite.com\/wp-content\/uploads\/2023\/02\/IMG_1339-768x576.jpg 768w, https:\/\/initiativeconduite.com\/wp-content\/uploads\/2023\/02\/IMG_1339-1536x1152.jpg 1536w, https:\/\/initiativeconduite.com\/wp-content\/uploads\/2023\/02\/IMG_1339-2048x1536.jpg 2048w\" sizes=\"auto, (max-width: 300px) 100vw, 300px\" \/><\/figure>\n<\/div>\n\n\n<p>Agr\u00e9ment pr\u00e9fectoral : E 2102400040<\/p>\n\n\n\n<p>Code APE : 8553Z<\/p>\n\n\n\n<p>Num\u00e9ro Siret : 89308926800047<\/p>\n\n\n\n<p>Retrouvez-nous sur Maps en cliquant sur le lien ci dessous :<\/p>\n\n\n\n<p><a href=\"https:\/\/maps.app.goo.gl\/kRXTRGTDW58j8Rc17\" target=\"_blank\" rel=\"noreferrer noopener\">lien maps<\/a><\/p>\n\n\n\n<h1 class=\"wp-block-heading\">Horaires BERGERAC Lyc\u00e9e Saint Front<\/h1>\n\n\n\n<p><strong>FERMETURE LE DIMANCHE ET LE LUNDI<\/strong><\/p>\n\n\n\n<h2 class=\"wp-block-heading\">Horaires de secr\u00e9tariat \/ code en pr\u00e9sentiel :<\/h2>\n\n\n\n<p>Du mardi au vendredi : 14h-18h<\/p>\n\n\n\n<h2 class=\"wp-block-heading\">Horaires de code en visio :<\/h2>\n\n\n\n<p>Du mardi au vendredi : 16h-18h<\/p>\n\n\n\n<p>Le samedi : 11h-12h<\/p>\n\n\n\n<h2 class=\"wp-block-heading\">Horaires de conduite&nbsp;:<\/h2>\n\n\n\n<p>Du lundi au vendredi : 8h \u2013 12h \/ 14h \u2013 18h<\/p>\n\n\n\n<p>Le samedi&nbsp;: 8h \u2013 12h \/ 13h \u2013 17h<\/p>\n\n\n\n<h2 class=\"wp-block-heading\"><strong>Questionnaire de satisfaction:<\/strong> <a href=\"https:\/\/initiativeconduite.com\/wp-content\/uploads\/2021\/12\/questionnaire-satisfaction-eleve.pdf\" data-type=\"link\" data-id=\"https:\/\/initiativeconduite.com\/wp-content\/uploads\/2021\/12\/questionnaire-satisfaction-eleve.pdf\">questionnaire satisfaction \u00e9l\u00e8ve<\/a><\/h2>\n","protected":false},"excerpt":{"rendered":"<p>A Bergerac : En face du lyc\u00e9e Saint Front 53 avenue Pasteur 24100 BERGERAC T\u00e9l\u00e9phone : 09 62 23 19 91 @&nbsp;: initiativeconduite@gmail.com Agr\u00e9ment pr\u00e9fectoral : E 2102400040 Code APE : 8553Z Num\u00e9ro Siret : 89308926800047 Retrouvez-nous sur Maps en cliquant sur le lien ci dessous : lien maps Horaires BERGERAC Lyc\u00e9e Saint Front FERMETURE [&hellip;]<\/p>\n","protected":false},"author":1,"featured_media":899,"parent":0,"menu_order":0,"comment_status":"closed","ping_status":"closed","template":"","meta":{"footnotes":""},"class_list":["post-906","page","type-page","status-publish","has-post-thumbnail","czr-hentry"],"_links":{"self":[{"href":"https:\/\/initiativeconduite.com\/index.php\/wp-json\/wp\/v2\/pages\/906","targetHints":{"allow":["GET"]}}],"collection":[{"href":"https:\/\/initiativeconduite.com\/index.php\/wp-json\/wp\/v2\/pages"}],"about":[{"href":"https:\/\/initiativeconduite.com\/index.php\/wp-json\/wp\/v2\/types\/page"}],"author":[{"embeddable":true,"href":"https:\/\/initiativeconduite.com\/index.php\/wp-json\/wp\/v2\/users\/1"}],"replies":[{"embeddable":true,"href":"https:\/\/initiativeconduite.com\/index.php\/wp-json\/wp\/v2\/comments?post=906"}],"version-history":[{"count":4,"href":"https:\/\/initiativeconduite.com\/index.php\/wp-json\/wp\/v2\/pages\/906\/revisions"}],"predecessor-version":[{"id":913,"href":"https:\/\/initiativeconduite.com\/index.php\/wp-json\/wp\/v2\/pages\/906\/revisions\/913"}],"wp:featuredmedia":[{"embeddable":true,"href":"https:\/\/initiativeconduite.com\/index.php\/wp-json\/wp\/v2\/media\/899"}],"wp:attachment":[{"href":"https:\/\/initiativeconduite.com\/index.php\/wp-json\/wp\/v2\/media?parent=906"}],"curies":[{"name":"wp","href":"https:\/\/api.w.org\/{rel}","templated":true}]}}