{"id":89,"date":"2021-07-15T17:14:51","date_gmt":"2021-07-15T15:14:51","guid":{"rendered":"http:\/\/initiativeconduite.com\/?page_id=89"},"modified":"2025-08-12T10:58:35","modified_gmt":"2025-08-12T08:58:35","slug":"accueil","status":"publish","type":"page","link":"https:\/\/initiativeconduite.com\/","title":{"rendered":"Accueil"},"content":{"rendered":"<h1><strong><span style=\"color: #000080;\">Notre histoire :<\/span><\/strong><\/h1>\n<h1 style=\"text-align: center;\">\u00a0 <img loading=\"lazy\" decoding=\"async\" class=\"alignnone size-medium wp-image-86\" src=\"https:\/\/initiativeconduite.com\/wp-content\/uploads\/2021\/07\/cropped-logo-512x512-1-300x300.jpg\" alt=\"\" width=\"300\" height=\"300\" srcset=\"https:\/\/initiativeconduite.com\/wp-content\/uploads\/2021\/07\/cropped-logo-512x512-1-300x300.jpg 300w, https:\/\/initiativeconduite.com\/wp-content\/uploads\/2021\/07\/cropped-logo-512x512-1-150x150.jpg 150w, https:\/\/initiativeconduite.com\/wp-content\/uploads\/2021\/07\/cropped-logo-512x512-1-510x510.jpg 510w, https:\/\/initiativeconduite.com\/wp-content\/uploads\/2021\/07\/cropped-logo-512x512-1-270x270.jpg 270w, https:\/\/initiativeconduite.com\/wp-content\/uploads\/2021\/07\/cropped-logo-512x512-1-192x192.jpg 192w, https:\/\/initiativeconduite.com\/wp-content\/uploads\/2021\/07\/cropped-logo-512x512-1-180x180.jpg 180w, https:\/\/initiativeconduite.com\/wp-content\/uploads\/2021\/07\/cropped-logo-512x512-1-32x32.jpg 32w, https:\/\/initiativeconduite.com\/wp-content\/uploads\/2021\/07\/cropped-logo-512x512-1.jpg 512w\" sizes=\"auto, (max-width: 300px) 100vw, 300px\" \/><\/h1>\n<p style=\"text-align: center;\">\u00ab\u00a0Tout d&rsquo;abord faisons les pr\u00e9sentations. Manu et St\u00e9phanie, g\u00e9rants de la SARL Initiative Conduite.<\/p>\n<p style=\"text-align: center;\">Nous sommes originaires de la r\u00e9gion et nous avons \u00e9t\u00e9 enseignants salari\u00e9s de la conduite sur Bergerac depuis un grand nombre d\u2019ann\u00e9es avant de franchir le pas d&rsquo;enseignants g\u00e9rants.<\/p>\n<p style=\"text-align: center;\">Voulant mettre notre savoir-faire et notre savoir-\u00eatre au profit des personnes d\u00e9sireuses d\u2019apprendre ou de se perfectionner dans la conduite automobile au sein de notre structure familiale et conviviale, nous avons d\u00e9cid\u00e9 de prolonger l\u2019histoire de l&rsquo;auto-\u00e9cole Daros \u00e0 Prigonrieux que nous avons rachet\u00e9e en juillet 2021, suite au d\u00e9part \u00e0 la retraite de son g\u00e9rant.<\/p>\n<p style=\"text-align: center;\">Tout en gardant la rigueur et le professionnalisme qui a fait la r\u00e9putation de l\u2019auto-\u00e9cole Daros, nous y avons inject\u00e9 de nouveaux outils comme le code en visio ainsi que la d\u00e9mat\u00e9rialisation des supports p\u00e9dagogiques ( code internet et livret num\u00e9rique).<\/p>\n<p>Afin de r\u00e9pondre \u00e0 une demande client\u00e8le en progression et afin d&rsquo;\u00eatre au plus pr\u00e8s de nos \u00e9l\u00e8ves, deux agences se sont rajout\u00e9es \u00e0 celle de Prigonrieux : une \u00e0 c\u00f4t\u00e9 du Lyc\u00e9e Maine de Biran (en juillet 2022, ex auto \u00e9cole Cyrano) et une \u00e0 c\u00f4t\u00e9 du lyc\u00e9e Jean Capelle ( cr\u00e9ation en aout 2023). Nous nous sommes entour\u00e9s d&rsquo;une petite \u00e9quipe d&rsquo;enseignants et de secr\u00e9taires , en qui nous avons enti\u00e8rement confiance pour vous transmettre nos valeurs et convictions car leurs professionnalismes et leurs rigueurs ont \u00e9t\u00e9 reconnus.<\/p>\n<p style=\"text-align: center;\">Toute l&rsquo;\u00e9quipe d&rsquo;Initiative Conduite sera heureuse de vous accueillir dans nos agences<\/p>\n<p style=\"text-align: center;\">\u00ab\u00a0Conseils et qualit\u00e9 pour votre succ\u00e8s\u00a0\u00bb sera notre devise.<\/p>\n<p style=\"text-align: center;\">St\u00e9phanie et Manu\u00a0\u00bb,<\/p>\n<p style=\"text-align: center;\">g\u00e9rants<\/p>\n<h1><span style=\"color: #000080;\"><strong>Nos r\u00e9f\u00e9rences :<\/strong><\/span><\/h1>\n<h2 style=\"text-align: center;\"><span style=\"color: #000000;\">Etablissements d&rsquo;enseignements de la conduite (\u00e0 Bergerac et Prigonrieux) labellis\u00e9s permis \u00e0 1\u20ac par jour<\/span><\/h2>\n<h1 style=\"text-align: center;\"><span style=\"color: #000000;\">+<\/span><\/h1>\n<h2 style=\"text-align: center;\"><span style=\"color: #000000;\">R\u00e9f\u00e9renc\u00e9 Qualiopi pour le CPF ( Compte Personnel de Formation ), nos formations code, conduite boite manuelle et boite automatique sont \u00e9ligibles au CPF \u00e0 BERGERAC et \u00e0 PRIGONRIEUX<\/span><\/h2>\n<h1><img loading=\"lazy\" decoding=\"async\" class=\"alignnone  wp-image-602\" src=\"https:\/\/initiativeconduite.com\/wp-content\/uploads\/2023\/02\/logo_ecole_de_conduite-label-300x286.png\" alt=\"\" width=\"149\" height=\"142\" srcset=\"https:\/\/initiativeconduite.com\/wp-content\/uploads\/2023\/02\/logo_ecole_de_conduite-label-300x286.png 300w, https:\/\/initiativeconduite.com\/wp-content\/uploads\/2023\/02\/logo_ecole_de_conduite-label.png 768w\" sizes=\"auto, (max-width: 149px) 100vw, 149px\" \/>\u00a0 \u00a0<img loading=\"lazy\" decoding=\"async\" class=\"alignnone  wp-image-512\" src=\"https:\/\/initiativeconduite.com\/wp-content\/uploads\/2022\/06\/permis-un-euro-300x242.png\" alt=\"\" width=\"165\" height=\"133\" srcset=\"https:\/\/initiativeconduite.com\/wp-content\/uploads\/2022\/06\/permis-un-euro-300x242.png 300w, https:\/\/initiativeconduite.com\/wp-content\/uploads\/2022\/06\/permis-un-euro.png 314w\" sizes=\"auto, (max-width: 165px) 100vw, 165px\" \/> \u00a0<img loading=\"lazy\" decoding=\"async\" class=\"alignnone  wp-image-624\" src=\"https:\/\/initiativeconduite.com\/wp-content\/uploads\/2023\/02\/QUALIOPI-ACTION-FORMATION-300x188.png\" alt=\"\" width=\"165\" height=\"103\" srcset=\"https:\/\/initiativeconduite.com\/wp-content\/uploads\/2023\/02\/QUALIOPI-ACTION-FORMATION-300x188.png 300w, https:\/\/initiativeconduite.com\/wp-content\/uploads\/2023\/02\/QUALIOPI-ACTION-FORMATION.png 380w\" sizes=\"auto, (max-width: 165px) 100vw, 165px\" \/> \u00a0<img loading=\"lazy\" decoding=\"async\" class=\"alignnone  wp-image-513\" src=\"https:\/\/initiativeconduite.com\/wp-content\/uploads\/2022\/06\/CPF-300x300.webp\" alt=\"\" width=\"120\" height=\"120\" srcset=\"https:\/\/initiativeconduite.com\/wp-content\/uploads\/2022\/06\/CPF.webp 300w, https:\/\/initiativeconduite.com\/wp-content\/uploads\/2022\/06\/CPF-150x150.webp 150w\" sizes=\"auto, (max-width: 120px) 100vw, 120px\" \/><\/h1>\n<h4>\u00a0 \u00a0 \u00a0 \u00a0 \u00a0 \u00a0 \u00a0 \u00a0 \u00a0 \u00a0 \u00a0 \u00a0 \u00a0 \u00a0 \u00a0 \u00a0 \u00a0 \u00a0 \u00a0 \u00a0 \u00a0 \u00a0 \u00a0 \u00a0 \u00a0 \u00a0 \u00a0 \u00a0 \u00a0 \u00a0 \u00a0 \u00a0 \u00a0 \u00a0 \u00a0 \u00a0 \u00a0 \u00a0 \u00a0 \u00a0 \u00a0 \u00a0 \u00a0 \u00a0<a href=\"https:\/\/initiativeconduite.com\/index.php\/certificat-qualiopi-initiative-conduite\/\">LIEN DU CERTIFICAT QUALIOPI<\/a><\/h4>\n<h1><span style=\"color: #000080;\"><strong>Actualit\u00e9 :<\/strong><\/span><\/h1>\n<p><a href=\"https:\/\/initiativeconduite.com\/index.php\/actualites\/\">lien vers l&rsquo;actualit\u00e9 d&rsquo;Initiative Conduite<\/a><\/p>\n<h1><strong><span style=\"color: #000080;\">R\u00e8glement int\u00e9rieur :<\/span><\/strong><\/h1>\n<p><a href=\"https:\/\/initiativeconduite.com\/wp-content\/uploads\/2023\/12\/reglement-interieur-12-23.pdf\">reglement interieur 12-23<\/a><\/p>\n<h1><strong><span style=\"color: #000080;\">Gestion du handicap :<\/span><\/strong><\/h1>\n<p><span style=\"color: #ff0000;\">ATTENTION :<\/span> Notre auto-\u00e9cole n&rsquo;est pas sp\u00e9cialis\u00e9e dans la prise en charge des personnes en situation de handicap. N\u00e9anmoins, nous pouvons vous proposer un accompagnement pour vous aider \u00e0 trouver une structure ad\u00e9quate.<\/p>\n<p>N&rsquo;h\u00e9sitez pas \u00e0 nous contacter !<\/p>\n<p><a href=\"https:\/\/initiativeconduite.com\/wp-content\/uploads\/2025\/01\/1.8-gestion-handicap.pdf\">modalit\u00e9s : gestion handicap<\/a><\/p>\n\n\n<p><\/p>\n","protected":false},"excerpt":{"rendered":"<p>Notre histoire : \u00a0 \u00ab\u00a0Tout d&rsquo;abord faisons les pr\u00e9sentations. Manu et St\u00e9phanie, g\u00e9rants de la SARL Initiative Conduite. Nous sommes originaires de la r\u00e9gion et nous avons \u00e9t\u00e9 enseignants salari\u00e9s de la conduite sur Bergerac depuis un grand nombre d\u2019ann\u00e9es avant de franchir le pas d&rsquo;enseignants g\u00e9rants. Voulant mettre notre savoir-faire et notre savoir-\u00eatre au [&hellip;]<\/p>\n","protected":false},"author":1,"featured_media":0,"parent":0,"menu_order":0,"comment_status":"closed","ping_status":"closed","template":"","meta":{"footnotes":""},"class_list":["post-89","page","type-page","status-publish","czr-hentry"],"_links":{"self":[{"href":"https:\/\/initiativeconduite.com\/index.php\/wp-json\/wp\/v2\/pages\/89","targetHints":{"allow":["GET"]}}],"collection":[{"href":"https:\/\/initiativeconduite.com\/index.php\/wp-json\/wp\/v2\/pages"}],"about":[{"href":"https:\/\/initiativeconduite.com\/index.php\/wp-json\/wp\/v2\/types\/page"}],"author":[{"embeddable":true,"href":"https:\/\/initiativeconduite.com\/index.php\/wp-json\/wp\/v2\/users\/1"}],"replies":[{"embeddable":true,"href":"https:\/\/initiativeconduite.com\/index.php\/wp-json\/wp\/v2\/comments?post=89"}],"version-history":[{"count":44,"href":"https:\/\/initiativeconduite.com\/index.php\/wp-json\/wp\/v2\/pages\/89\/revisions"}],"predecessor-version":[{"id":882,"href":"https:\/\/initiativeconduite.com\/index.php\/wp-json\/wp\/v2\/pages\/89\/revisions\/882"}],"wp:attachment":[{"href":"https:\/\/initiativeconduite.com\/index.php\/wp-json\/wp\/v2\/media?parent=89"}],"curies":[{"name":"wp","href":"https:\/\/api.w.org\/{rel}","templated":true}]}}