{"id":655,"date":"2023-08-18T16:03:37","date_gmt":"2023-08-18T14:03:37","guid":{"rendered":"https:\/\/initiativeconduite.com\/?page_id=655"},"modified":"2026-04-07T17:02:58","modified_gmt":"2026-04-07T15:02:58","slug":"notre-agence-initiative-conduite-rive-gauche-lycee-jean-capelle","status":"publish","type":"page","link":"https:\/\/initiativeconduite.com\/index.php\/notre-agence-initiative-conduite-rive-gauche-lycee-jean-capelle\/","title":{"rendered":"Notre agence Initiative Conduite Rive Gauche Lyc\u00e9e Jean Capelle"},"content":{"rendered":"<h1><span style=\"color: #000080;\"><strong>A Bergerac :<\/strong><\/span><\/h1>\n<p>A proximit\u00e9 du Lyc\u00e9e Jean Capelle <img loading=\"lazy\" decoding=\"async\" class=\" wp-image-669 alignright\" src=\"https:\/\/initiativeconduite.com\/wp-content\/uploads\/2023\/08\/Image1-291x300.png\" alt=\"\" width=\"417\" height=\"430\" srcset=\"https:\/\/initiativeconduite.com\/wp-content\/uploads\/2023\/08\/Image1-291x300.png 291w, https:\/\/initiativeconduite.com\/wp-content\/uploads\/2023\/08\/Image1-993x1024.png 993w, https:\/\/initiativeconduite.com\/wp-content\/uploads\/2023\/08\/Image1-768x792.png 768w, https:\/\/initiativeconduite.com\/wp-content\/uploads\/2023\/08\/Image1-1489x1536.png 1489w, https:\/\/initiativeconduite.com\/wp-content\/uploads\/2023\/08\/Image1-1985x2048.png 1985w\" sizes=\"auto, (max-width: 417px) 100vw, 417px\" \/><\/p>\n<p style=\"text-align: left;\">21 avenue Paul Doumer<\/p>\n<p style=\"text-align: left;\">24100 BERGERAC<\/p>\n<p style=\"text-align: left;\">T\u00e9l\u00e9phone : 05 53 58 91 45<\/p>\n<p style=\"text-align: left;\">@\u00a0: <a href=\"mailto:initiativeconduite@gmail.com\">initiativeconduite@gmail.com<\/a><\/p>\n<p style=\"text-align: left;\">Agr\u00e9ment pr\u00e9fectoral : E 2102400040<\/p>\n<p style=\"text-align: left;\">Code APE : 8553Z<\/p>\n<p style=\"text-align: left;\">Num\u00e9ro Siret : 89308926800039<\/p>\n<p>Retrouvez-nous sur Maps en cliquant sur le lien ci dessous :<\/p>\n<p><a href=\"https:\/\/goo.gl\/maps\/2FXXUaw1SfxCVLsu6\" target=\"_blank\" rel=\"noopener\">lien maps<\/a><\/p>\n<h1><\/h1>\n<h1 style=\"text-align: center;\"><span style=\"color: #333399;\">Horaires BERGERAC Rive Gauche<\/span><\/h1>\n<p><strong><span style=\"color: #ff0000;\">FERMETURE LE DIMANCHE ET LE LUNDI<\/span><\/strong><\/p>\n<h2><span style=\"color: #0000ff;\">Horaires de secr\u00e9tariat \/ code en pr\u00e9sentiel :<\/span><\/h2>\n<p>Du mardi au vendredi : 8h-12h \/\u00a0 14h-18h<\/p>\n<p>Le samedi : 8h-12h<\/p>\n<h2><span style=\"color: #0000ff;\">Horaires de code en visio :<\/span><\/h2>\n<p>Du mardi au vendredi : 16h-18h<\/p>\n<p>Le samedi : 11h-12h<\/p>\n<h2><span style=\"color: #0000ff;\">Horaires de conduite\u00a0:<\/span><\/h2>\n<p>Du lundi au vendredi : 8h \u2013 12h \/ 14h \u2013 18h<\/p>\n<p>Le samedi\u00a0: 8h \u2013 12h \/ 13h \u2013 17h<\/p>\n<h2><span style=\"color: #0000ff;\"><strong>Questionnaire de satisfaction<\/strong><\/span><span style=\"color: #0000ff;\"> :<\/span> <a href=\"https:\/\/initiativeconduite.com\/wp-content\/uploads\/2021\/12\/questionnaire-satisfaction-eleve.pdf\">questionnaire satisfaction eleve<\/a><\/h2>\n","protected":false},"excerpt":{"rendered":"<p>A Bergerac : A proximit\u00e9 du Lyc\u00e9e Jean Capelle 21 avenue Paul Doumer 24100 BERGERAC T\u00e9l\u00e9phone : 05 53 58 91 45 @\u00a0: initiativeconduite@gmail.com Agr\u00e9ment pr\u00e9fectoral : E 2102400040 Code APE : 8553Z Num\u00e9ro Siret : 89308926800039 Retrouvez-nous sur Maps en cliquant sur le lien ci dessous : lien maps Horaires BERGERAC Rive Gauche FERMETURE [&hellip;]<\/p>\n","protected":false},"author":1,"featured_media":0,"parent":0,"menu_order":0,"comment_status":"closed","ping_status":"closed","template":"","meta":{"footnotes":""},"class_list":["post-655","page","type-page","status-publish","czr-hentry"],"_links":{"self":[{"href":"https:\/\/initiativeconduite.com\/index.php\/wp-json\/wp\/v2\/pages\/655","targetHints":{"allow":["GET"]}}],"collection":[{"href":"https:\/\/initiativeconduite.com\/index.php\/wp-json\/wp\/v2\/pages"}],"about":[{"href":"https:\/\/initiativeconduite.com\/index.php\/wp-json\/wp\/v2\/types\/page"}],"author":[{"embeddable":true,"href":"https:\/\/initiativeconduite.com\/index.php\/wp-json\/wp\/v2\/users\/1"}],"replies":[{"embeddable":true,"href":"https:\/\/initiativeconduite.com\/index.php\/wp-json\/wp\/v2\/comments?post=655"}],"version-history":[{"count":10,"href":"https:\/\/initiativeconduite.com\/index.php\/wp-json\/wp\/v2\/pages\/655\/revisions"}],"predecessor-version":[{"id":908,"href":"https:\/\/initiativeconduite.com\/index.php\/wp-json\/wp\/v2\/pages\/655\/revisions\/908"}],"wp:attachment":[{"href":"https:\/\/initiativeconduite.com\/index.php\/wp-json\/wp\/v2\/media?parent=655"}],"curies":[{"name":"wp","href":"https:\/\/api.w.org\/{rel}","templated":true}]}}