{"id":357,"date":"2021-11-27T11:33:48","date_gmt":"2021-11-27T10:33:48","guid":{"rendered":"https:\/\/initiativeconduite.com\/?page_id=357"},"modified":"2025-01-04T15:21:04","modified_gmt":"2025-01-04T14:21:04","slug":"357-2","status":"publish","type":"page","link":"https:\/\/initiativeconduite.com\/index.php\/357-2\/","title":{"rendered":"Financements possibles"},"content":{"rendered":"<h1 style=\"text-align: center;\"><span style=\"color: #008000;\"><strong><u>FINANCEMENTS POSSIBLES<\/u><\/strong><\/span><\/h1>\n<p>Les jeunes, les personnes en situation de recherche d\u2019emploi et les personnes en situation de handicap peuvent, sous certaines conditions, b\u00e9n\u00e9ficier d&rsquo;une aide pour le financement de leur permis de conduire.<\/p>\n<h1><span style=\"color: #0000ff;\"><strong><u>Le permis \u00e0 1 euro par jour disponible dans NOTRE auto-\u00e9cole !!! <img loading=\"lazy\" decoding=\"async\" class=\"wp-image-512 aligncenter\" src=\"https:\/\/initiativeconduite.com\/wp-content\/uploads\/2022\/06\/permis-un-euro-300x242.png\" alt=\"\" width=\"254\" height=\"205\" srcset=\"https:\/\/initiativeconduite.com\/wp-content\/uploads\/2022\/06\/permis-un-euro-300x242.png 300w, https:\/\/initiativeconduite.com\/wp-content\/uploads\/2022\/06\/permis-un-euro.png 314w\" sizes=\"auto, (max-width: 254px) 100vw, 254px\" \/><\/u><\/strong><\/span><\/h1>\n<p>Ce dispositif de pr\u00eat bancaire s&rsquo;adresse aux jeunes \u00e2g\u00e9s de 15 \u00e0 25 ans au plus \u00e0 la date de signature du contrat, ou de l&rsquo;avenant au contrat de formation avec l&rsquo;auto-\u00e9cole agr\u00e9\u00e9e et labellis\u00e9e.<br \/>\nCe pr\u00eat peut \u00eatre attribu\u00e9 :<\/p>\n<p>&#8211; pour le financement d&rsquo;une premi\u00e8re formation initiale,<\/p>\n<p>&#8211; ou dans le cas d&rsquo;un \u00e9chec, pour le financement d&rsquo;une formation compl\u00e9mentaire,<\/p>\n<p>Pour tout candidat souhaitant se pr\u00e9senter aux examens du permis de conduire cat\u00e9gorie B.<\/p>\n<p>Dans le cadre de l\u2019examen de cat\u00e9gorie B, la formation doit \u00eatre dispens\u00e9e dans le cadre du dispositif de l&rsquo;apprentissage anticip\u00e9 ou de l&rsquo;apprentissage en conduite supervis\u00e9e.<\/p>\n<p>Attention : Ce pr\u00eat ne peut \u00eatre accord\u00e9 qu&rsquo;une seule fois \u00e0 un m\u00eame b\u00e9n\u00e9ficiaire, pour une formation initiale ou une formation compl\u00e9mentaire, et pour une seule cat\u00e9gorie de permis.<\/p>\n<p>L\u2019auto-\u00e9cole doit \u00eatre reconnue comme partenaire de l&rsquo;op\u00e9ration \u00ab permis \u00e0 1 euros par jour\u00bb.<\/p>\n<p>L\u2019enseignant \u00e9tablit un devis conform\u00e9ment au nombre d\u2019heures de formation pr\u00e9visionnelles \u00e9valu\u00e9es, et le candidat signe alors un contrat de formation avec l&rsquo;\u00e9cole de conduite.<\/p>\n<p>Celui-ci doit ensuite se rapprocher d\u2019une banque partenaire \u00e9galement de l\u2019op\u00e9ration pour l&rsquo;examen du dossier.<\/p>\n<p>Une fois le dossier accord\u00e9, et apr\u00e8s le d\u00e9lai habituel de r\u00e9tractation, le montant du pr\u00eat est directement vers\u00e9 \u00e0 l&rsquo;\u00e9cole de conduite. Cette aide se pr\u00e9sente sous la forme d&rsquo;un pr\u00eat \u00e0 taux z\u00e9ro.<\/p>\n<p>En formation initiale, le montant du pr\u00eat doit \u00eatre \u00e9gal \u00e0 600 \u20ac, 800 \u20ac, 1000 \u20ac ou 1 200 \u20ac au choix, sans exc\u00e9der le montant inscrit dans le contrat de formation.<\/p>\n<p>En formation compl\u00e9mentaire, le montant du pr\u00eat peut \u00eatre \u00e9gal 300 \u20ac sans exc\u00e9der le montant inscrit dans le contrat de formation.<\/p>\n<p>Le remboursement du pr\u00eat se fait par mensualit\u00e9s qui ne peuvent pas exc\u00e9der 30 \u20ac.<\/p>\n<p><a href=\"https:\/\/www.securite-routiere.gouv.fr\/passer-son-permis-de-conduire\/financement-du-permis-de-conduire\/permis-1-eu-par-jour\/definition-du\" target=\"_blank\" rel=\"noopener\">Lien s\u00e9curit\u00e9 routi\u00e8re permis \u00e0 1 euros<\/a><\/p>\n<h1><span style=\"color: #0000ff;\"><strong><u>La bourse au permis de conduire<\/u><\/strong><\/span><\/h1>\n<p>Ce dispositif concerne les jeunes \u00e2g\u00e9s de 18 \u00e0 25 ans et plus particuli\u00e8rement ceux qui ne disposent pas de ressource personnelle ou familiale suffisante pour financer leur pr\u00e9paration au permis de conduire.<\/p>\n<p>Elle consiste en la prise en charge par la municipalit\u00e9 du lieu de r\u00e9sidence d\u2019une partie du co\u00fbt de la formation en contrepartie d\u2019une activit\u00e9 d\u2019int\u00e9r\u00eat collectif (40 \u00e0 50 heures) effectu\u00e9e dans une structure identifi\u00e9e (association caritative g\u00e9n\u00e9ralement).<\/p>\n<p>Ce dispositif repose sur une aide apport\u00e9e exclusivement par les collectivit\u00e9s locales. Cette formule pr\u00e9sente un int\u00e9r\u00eat social majeur : elle permet aux jeunes de se rendre utiles \u00e0 leur collectivit\u00e9 de vie, de se trouver en position valorisante aupr\u00e8s de personnes en difficult\u00e9 et de se rendre acteurs de s\u00e9curit\u00e9 routi\u00e8re par la participation \u00e0 des actions de sensibilisation (op\u00e9rations \u00ab\u00a0Sam\u00a0\u00bb, \u00ab\u00a0capitaine de soir\u00e9e\u00a0\u00bb, actions de pr\u00e9vention au coll\u00e8ge, etc.).<\/p>\n<p>La bourse au permis de conduire repose sur un partenariat multiple entre la ville, le jeune, l\u2019\u00e9cole de conduite et la structure d\u2019accueil, partenariat concr\u00e9tis\u00e9 au moyen de conventions et de chartes.<\/p>\n<p>La ville s\u2019engage \u00e0 verser la bourse au permis de conduire directement \u00e0 l\u2019\u00e9cole de conduite. Celle-ci est choisie, si possible, sur la liste des \u00e9coles de conduite conventionn\u00e9es au titre du dispositif du permis \u00e0 un euro par jour. L\u2019op\u00e9ration ne peut \u00eatre mise en \u0153uvre qu\u2019apr\u00e8s avis favorable du conseil municipal.<\/p>\n<h1><span style=\"color: #0000ff;\"><strong><u>Aides diverses locales<\/u><\/strong><\/span><\/h1>\n<p>Diff\u00e9rentes aides pour la formation au permis de conduire de conduire existent. Tous les candidats sont invit\u00e9s \u00e0 aller se rapprocher de leurs collectivit\u00e9s territoriales de proximit\u00e9 (R\u00e9gions, D\u00e9partements, Communaut\u00e9s de communes\u2026).<\/p>\n<p><a href=\"https:\/\/les-aides.nouvelle-aquitaine.fr\/amenagement-du-territoire\/aide-au-passage-du-permis-de-conduire-b\" target=\"_blank\" rel=\"noopener\">Lien vers les aides de la Nouvelle Aquitaine<\/a><\/p>\n<h1><span style=\"color: #0000ff;\"><strong><u>Compte personnel de formation (CPF) disponible dans NOTRE auto-\u00e9cole <img loading=\"lazy\" decoding=\"async\" class=\" wp-image-513 aligncenter\" src=\"https:\/\/initiativeconduite.com\/wp-content\/uploads\/2022\/06\/CPF-300x300.webp\" alt=\"\" width=\"275\" height=\"275\" srcset=\"https:\/\/initiativeconduite.com\/wp-content\/uploads\/2022\/06\/CPF.webp 300w, https:\/\/initiativeconduite.com\/wp-content\/uploads\/2022\/06\/CPF-150x150.webp 150w\" sizes=\"auto, (max-width: 275px) 100vw, 275px\" \/><\/u><\/strong><\/span><\/h1>\n<p>La loi \u00e9galit\u00e9 et citoyennet\u00e9 de 2017 permet aux salari\u00e9s et aux ch\u00f4meurs de financer leur permis de conduire en utilisant les heures de formation accumul\u00e9es sur leur compte personnel de formation (CPF) sous certaines conditions.<\/p>\n<p>L\u2019acquisition du permis de conduire doit contribuer \u00e0 la r\u00e9alisation d&rsquo;un projet professionnel ou favoriser la s\u00e9curisation du parcours professionnel.<\/p>\n<p>Vous retrouvez l&rsquo;ensemble de nos formations propos\u00e9es (code, conduite, code+conduite, boite manuelle et boite automatique) sur le site officiel \u00e0 Bergerac et \u00e0 Prigonrieux.<\/p>\n<p><a href=\"\/\/www.moncompteformation.gouv.fr\/espace-prive\/html\/#\/\" target=\"_blank\" rel=\"noopener\">moncompteformation.gouv.fr<\/a><\/p>\n<h1><span style=\"color: #0000ff;\"><strong><u>Aide au permis de France Travail<\/u><\/strong><\/span><\/h1>\n<p>Pour les personnes en situation de recherche d\u2019emploi et inscrite aupr\u00e8s de France Travail, l\u2019organisme peut prendre en charge tout ou partie des frais d&rsquo;apprentissage du permis.<\/p>\n<p>L\u2019absence de permis de conduire du demandeur doit constituer un obstacle \u00e0 l&#8217;embauche d\u00fbment constat\u00e9 par le conseiller France Travail. Celui-ci instruit la conditionn\u00e9e \u00e9galement \u00e0 la situation du demandeur d&#8217;emploi.<\/p>\n<p>Attention :<\/p>\n<p>&#8211; Ce dispositif n\u2019est pas \u00e9ligible dans la situation d\u2019un permis de conduire annul\u00e9.<\/p>\n<p>&#8211; Le montant de l&rsquo;aide ne peut d\u00e9passer la somme de 1200 euros.<\/p>\n<p>Le paiement est effectu\u00e9 directement par France Travail\u00a0 aupr\u00e8s de l\u2019\u00e9cole de conduite valide pour la mise en \u0153uvre de la formation.<\/p>\n<p><a href=\"https:\/\/www.pole-emploi.fr\/candidat\/vos-recherches\/les-aides-financieres\/aide-a-lobtention-du-permis-de-c.html\" target=\"_blank\" rel=\"noopener\">Lien vers le site France Travail aides au permis de conduire<\/a><\/p>\n<h1><span style=\"color: #0000ff;\"><strong><u>Aide au permis pour les personnes en situation de handicap<\/u><\/strong><\/span><\/h1>\n<p>Les personnes en situation de handicap, peuvent b\u00e9n\u00e9ficier d&rsquo;une aide d&rsquo;un montant \u00e9gal \u00e0 1000 euros, sous certaines conditions, et pouvant atteindre 1300 euros en cas de permis am\u00e9nag\u00e9. Les candidats doivent se rapprocher de l&rsquo;Agefiph (Association de gestion du fonds pour l&rsquo;insertion professionnelle des personnes handicap\u00e9es).<\/p>\n<p><a href=\"https:\/\/www.agefiph.fr\/?gclid=CjwKCAiA78aNBhAlEiwA7B76p3x7oDv8t4pc3BCGWrhJ1AB2V-g9BpsbqHJ0U1q6IaNLZdRQk42mHxoCx9EQAvD_BwE\" target=\"_blank\" rel=\"noopener\">Lien vers le site Agefiph<\/a><\/p>\n<h1><span style=\"color: #0000ff;\"><strong><u>Permis de conduire en candidat libre<\/u><\/strong><\/span><\/h1>\n<p>Le candidat peut ne pas faire appel \u00e0 une auto-\u00e9cole pour l\u2019accompagner dans sa d\u00e9marche d\u2019obtention du permis de conduire. En effet, l\u2019inscription peut \u00eatre faite en ligne sur le site de l\u2019ANTS qui \u00e9ditera un num\u00e9ro d&rsquo;enregistrement pr\u00e9fectoral harmonis\u00e9 (NEPH).<\/p>\n<p>Pour l\u2019examen th\u00e9orique (ETG) le candidat s\u2019inscrit aupr\u00e8s d&rsquo;un op\u00e9rateur agr\u00e9\u00e9 pour obtenir une s\u00e9ance d\u2019examen au code de la route.<\/p>\n<p>Pour l&rsquo;\u00e9preuve pratique, le candidat devra prendre contact avec le service charg\u00e9 localement de l&rsquo;organisation de l&rsquo;\u00e9preuve.<\/p>\n","protected":false},"excerpt":{"rendered":"<p>FINANCEMENTS POSSIBLES Les jeunes, les personnes en situation de recherche d\u2019emploi et les personnes en situation de handicap peuvent, sous certaines conditions, b\u00e9n\u00e9ficier d&rsquo;une aide pour le financement de leur permis de conduire. Le permis \u00e0 1 euro par jour disponible dans NOTRE auto-\u00e9cole !!! Ce dispositif de pr\u00eat bancaire s&rsquo;adresse aux jeunes \u00e2g\u00e9s de [&hellip;]<\/p>\n","protected":false},"author":1,"featured_media":0,"parent":0,"menu_order":0,"comment_status":"closed","ping_status":"closed","template":"","meta":{"footnotes":""},"class_list":["post-357","page","type-page","status-publish","czr-hentry"],"_links":{"self":[{"href":"https:\/\/initiativeconduite.com\/index.php\/wp-json\/wp\/v2\/pages\/357","targetHints":{"allow":["GET"]}}],"collection":[{"href":"https:\/\/initiativeconduite.com\/index.php\/wp-json\/wp\/v2\/pages"}],"about":[{"href":"https:\/\/initiativeconduite.com\/index.php\/wp-json\/wp\/v2\/types\/page"}],"author":[{"embeddable":true,"href":"https:\/\/initiativeconduite.com\/index.php\/wp-json\/wp\/v2\/users\/1"}],"replies":[{"embeddable":true,"href":"https:\/\/initiativeconduite.com\/index.php\/wp-json\/wp\/v2\/comments?post=357"}],"version-history":[{"count":18,"href":"https:\/\/initiativeconduite.com\/index.php\/wp-json\/wp\/v2\/pages\/357\/revisions"}],"predecessor-version":[{"id":822,"href":"https:\/\/initiativeconduite.com\/index.php\/wp-json\/wp\/v2\/pages\/357\/revisions\/822"}],"wp:attachment":[{"href":"https:\/\/initiativeconduite.com\/index.php\/wp-json\/wp\/v2\/media?parent=357"}],"curies":[{"name":"wp","href":"https:\/\/api.w.org\/{rel}","templated":true}]}}