{"id":340,"date":"2021-11-25T15:41:16","date_gmt":"2021-11-25T14:41:16","guid":{"rendered":"https:\/\/initiativeconduite.com\/?page_id=340"},"modified":"2026-02-04T14:17:37","modified_gmt":"2026-02-04T13:17:37","slug":"conduite-supervisee","status":"publish","type":"page","link":"https:\/\/initiativeconduite.com\/index.php\/conduite-supervisee\/","title":{"rendered":"Conduite supervis\u00e9e boite manuelle"},"content":{"rendered":"<h1 style=\"text-align: center;\"><span style=\"color: #339966;\"><u>Formation conduite supervis\u00e9e pour le Permis B<\/u><\/span><\/h1>\n<h1 style=\"text-align: center;\"><span style=\"color: #339966;\"><u>boite manuelle avec code<\/u><\/span><\/h1>\n<h1 style=\"text-align: center;\"><span style=\"color: #339966;\"><u>\u00e0 partir de 1450 \u20ac<\/u><\/span><\/h1>\n<h3 style=\"text-align: center;\"><b>( acompte d\u2019inscription 300\u20ac )<\/b><\/h3>\n<h2 style=\"text-align: center;\"><span style=\"color: #339966;\"><u>(tarif valable jusqu&rsquo;au 31\/07\/26)<\/u><\/span><\/h2>\n<h2><span style=\"color: #3366ff;\">La Conduite supervis\u00e9e :<\/span><\/h2>\n<p>La conduite supervis\u00e9e permet au candidat \u00e2g\u00e9 de 18 ans au minimum, inscrit dans une \u00e9cole de conduite, de compl\u00e9ter sa formation initiale par une phase de conduite \u00absupervis\u00e9e\u00bb par un accompagnateur, afin de passer l\u2019\u00e9preuve pratique dans des conditions plus sereines. Cette forme d\u2019apprentissage est plus souple que l\u2019apprentissage anticip\u00e9 de la conduite (AAC),\u00a0mais\u00a0poss\u00e8de\u00a0des\u00a0avantages\u00a0similaires.<\/p>\n<h4><\/h4>\n<p><img loading=\"lazy\" decoding=\"async\" class=\"alignnone wp-image-457 size-medium\" src=\"https:\/\/initiativeconduite.com\/wp-content\/uploads\/2022\/02\/AUDI-A1-5-300x225.jpg\" alt=\"\" width=\"300\" height=\"225\" srcset=\"https:\/\/initiativeconduite.com\/wp-content\/uploads\/2022\/02\/AUDI-A1-5-300x225.jpg 300w, https:\/\/initiativeconduite.com\/wp-content\/uploads\/2022\/02\/AUDI-A1-5-1024x768.jpg 1024w, https:\/\/initiativeconduite.com\/wp-content\/uploads\/2022\/02\/AUDI-A1-5-768x576.jpg 768w, https:\/\/initiativeconduite.com\/wp-content\/uploads\/2022\/02\/AUDI-A1-5-1536x1152.jpg 1536w, https:\/\/initiativeconduite.com\/wp-content\/uploads\/2022\/02\/AUDI-A1-5-2048x1536.jpg 2048w\" sizes=\"auto, (max-width: 300px) 100vw, 300px\" \/><\/p>\n<h2><span style=\"color: #3366ff;\"><u>V\u00e9hicule<\/u><\/span><\/h2>\n<p>\u2b27V\u00e9hicule de moins de 3,5 tonnes de PTAC (Poids Total Autoris\u00e9 en Charge) avec boite de vitesse manuelle<\/p>\n<p>\u2b27Age minimum : 17 ans pour passer l\u2019examen pratique<\/p>\n<h2><span style=\"color: #3366ff;\"><u>Les \u00e9preuves<\/u><\/span><\/h2>\n<p>\u27a2\u00c9preuve\u00a0Th\u00e9orique G\u00e9n\u00e9rale\u00a0: ETG ou \u00ab\u00a0code\u00a0\u00bb\u00a0:<\/p>\n<p>\u2b27QCM de 40 questions pour l\u2019obtention au moins 35 r\u00e9ponses exactes<\/p>\n<p>\u27a2Epreuve Pratique\u00a0: Dur\u00e9e totale 32 minutes<\/p>\n<p>\u2b27le respect des dispositions du code de la route,<\/p>\n<p>\u2b27votre connaissance du v\u00e9hicule,<\/p>\n<p>\u2b27votre ma\u00eetrise des commandes et de la manipulation du v\u00e9hicule,<\/p>\n<p>\u2b27votre capacit\u00e9 \u00e0 assurer votre propre s\u00e9curit\u00e9 et celles des autres usagers sur tout type de route, \u00e0 percevoir et anticiper les dangers,<\/p>\n<p>\u2b27votre capacit\u00e9 \u00e0 appliquer les r\u00e8gles de s\u00e9curit\u00e9 dans les tunnels,<\/p>\n<p>\u2b27votre degr\u00e9 d\u2019autonomie dans la r\u00e9alisation d\u2019un trajet,<\/p>\n<p>\u2b27votre capacit\u00e9 \u00e0 conduire en respectant l\u2019environnement et en adoptant un comportement courtois et pr\u00e9venant envers les autres usagers.<\/p>\n<h2><strong><span style=\"color: #3366ff;\"><u>Cette formule comprend :<\/u><\/span><\/strong><\/h2>\n<p><strong><u>Phase formation :<\/u><\/strong><\/p>\n<p>\u2013 frais d\u2019inscription et de suivi<\/p>\n<p>\u2013 livre de code<\/p>\n<p>\u2013 forfait code salle s\u00e9ances illimit\u00e9es ( dur\u00e9e de 6 mois )<\/p>\n<p>\u2013 acc\u00e8s code par internet ( dur\u00e9e de 6 mois )<\/p>\n<p>\u2013 supports p\u00e9dagogiques<\/p>\n<p>\u2013 \u00e9valuation initiale de conduite<\/p>\n<p>\u2013 20 heures de pratique minimum obligatoires<\/p>\n<p>&#8211; rendez-vous pr\u00e9alable de 2h<\/p>\n<p>\u2013 livret interrogation orale<\/p>\n<p>\u2013 frais d\u2019accompagnement examen pratique<\/p>\n<p><strong><u>ATTENTION<\/u><\/strong>\u00a0pr\u00e9voir 30\u20ac d\u2019examen code \u00e0 payer au moment de l\u2019inscription \u00e0 l\u2019examen. Redevance pour l\u2019organisme examinateur.<\/p>\n<h2><strong><span style=\"color: #3366ff;\"><u>Pi\u00e8ces \u00e0 fournir<\/u><\/span><\/strong><\/h2>\n<p>* 1 e \u2013 photo<img loading=\"lazy\" decoding=\"async\" class=\"size-medium wp-image-277 alignright\" src=\"https:\/\/initiativeconduite.com\/wp-content\/uploads\/2021\/09\/e-photo-300x300.jpg\" sizes=\"auto, (max-width: 300px) 100vw, 300px\" srcset=\"https:\/\/initiativeconduite.com\/wp-content\/uploads\/2021\/09\/e-photo-300x300.jpg 300w, https:\/\/initiativeconduite.com\/wp-content\/uploads\/2021\/09\/e-photo-1024x1024.jpg 1024w, https:\/\/initiativeconduite.com\/wp-content\/uploads\/2021\/09\/e-photo-150x150.jpg 150w, https:\/\/initiativeconduite.com\/wp-content\/uploads\/2021\/09\/e-photo-768x768.jpg 768w, https:\/\/initiativeconduite.com\/wp-content\/uploads\/2021\/09\/e-photo-510x510.jpg 510w, https:\/\/initiativeconduite.com\/wp-content\/uploads\/2021\/09\/e-photo.jpg 1200w\" alt=\"\" width=\"300\" height=\"300\" \/><\/p>\n<p>* 2 photos d\u2019identit\u00e9<\/p>\n<p>*1 adresse mail de l\u2019\u00e9l\u00e8ve<\/p>\n<p>* 1 photocopie recto\/verso de la pi\u00e8ce d\u2019identit\u00e9 de l\u2019\u00e9l\u00e8ve en cours de validit\u00e9<\/p>\n<p><u>* Si \u00e9l\u00e8ve mineur :\u00a0<\/u>1 photocopie recto\/verso de la carte d\u2019identit\u00e9 du parent<\/p>\n<p>* Photocopie du livret de famille\u00a0<u>si le nom est diff\u00e9rent des parents<\/u><\/p>\n<p>* 1 photocopie recto\/verso du permis de conduire scooter ( AM)<\/p>\n<p>* 1 photocopie de la JDC ( entre 17 et 26 ans ) ou recensement (entre 16 et 17 ans)<\/p>\n<p>* ASSR 2<\/p>\n<p>* 1 photocopie d\u2019<strong>une facture<\/strong> de moins de 6 mois (un justificatif de domicile)<\/p>\n<p>* Attestation d\u2019h\u00e9bergement + CNI de l\u2019h\u00e9bergeur<\/p>\n<h2><span style=\"color: #3366ff;\"><b>LA FORMATION<\/b><\/span><\/h2>\n<p><b>Enseignement th\u00e9orique du code de la route<\/b> : via des cours et des tests (QCM), d\u2019examens blancs avec des tests niveau examen officiel, en individuel ou en collectif. En pr\u00e9sentiel (salle de code) ou en distanciel (via un acc\u00e8s internet pour des tests, ou de la Visio). Un livre de code la route Editions Codes Rousseau est fourni. L\u2019acc\u00e8s en salle et l\u2019acc\u00e8s en distanciel ont une validit\u00e9 de 6 mois \u00e0 compter de la date d\u2019inscription.<\/p>\n<p>L\u2019acc\u00e8s en salle de code est r\u00e9glement\u00e9 \u00e0 des horaires pr\u00e9cis et indiqu\u00e9s dans l\u2019\u00e9tablissement et sur notre site internet <a href=\"http:\/\/www.initiativeconduite.com\">www.initiativeconduite.com<\/a>.<\/p>\n<p><b>S\u00e9ances individuelles d\u2019enseignement \u00e0 la conduite: <\/b>(v\u00e9hicule auto-\u00e9cole \u00e0 doubles commandes), \u00e9valuations r\u00e9guli\u00e8res de niveau, examens blancs. Un programme p\u00e9dagogique appel\u00e9 R\u00e9f\u00e9rentiel pour l\u2019Education \u00e0 une Mobilit\u00e9 Citoyenne (REMC) est mis en place<\/p>\n<p>Depuis le 1 juillet 2014 le REMC vient remplacer le PNF (Programme National de Formation \u00e0 la conduite) datant de 1989. Il a \u00e9t\u00e9 mis en place par les pouvoirs publics pour lutter contre l\u2019ins\u00e9curit\u00e9 routi\u00e8re.<\/p>\n<p>Ce document s\u2019articule autour de\u00a0quatre comp\u00e9tences, d\u00e9velopp\u00e9es dans le livret d\u2019apprentissage de l\u2019\u00e9l\u00e8ve :<\/p>\n<p><i>Ma\u00eetriser le maniement du v\u00e9hicule dans un trafic faible ou nul<\/i>\u00a0: l\u2019usager doit \u00eatre en mesure de comprendre l\u2019utilit\u00e9 des r\u00e9glementations relatives \u00e0 la conduite.<\/p>\n<p><i>Appr\u00e9hender la route et circuler dans des conditions normales<\/i> : le conducteur doit apprendre \u00e0 d\u00e9placer le v\u00e9hicule, en circulation faible et normale et comprendre le r\u00f4le des \u00e9l\u00e9ments du v\u00e9hicule pour une conduite s\u00fbre et\u00a0 \u00e9conome.<\/p>\n<p><i>Circuler dans des conditions difficiles et partager la route avec les autres usagers<\/i> : en circulation normale \u00e0 dense, le conducteur doit comprendre l\u2019int\u00e9r\u00eat de la r\u00e9glementation routi\u00e8re. Il doit pouvoir d\u00e9placer le v\u00e9hicule et\u00a0 comprendre les risques du partage de la route, communiquer avec les autres usagers, et adapter sa propre conduite en cons\u00e9quence.<\/p>\n<p><i>Pratiquer une conduite autonome, s\u00fbre et \u00e9conomique<\/i>\u00a0: en circulation complexe, le candidat doit pouvoir suivre un itin\u00e9raire de fa\u00e7on autonome, conna\u00eetre les risques au volant et les comportements \u00e0 adopter en cas d\u2019accident.<\/p>\n<p><i>Une \u00e9valuation de d\u00e9part <\/i>permet de d\u00e9terminer un pr\u00e9visionnel d\u2019heures de conduite n\u00e9cessaires \u00e0 l\u2019acquisition de l\u2019ensemble des comp\u00e9tences de la conduite par l\u2019\u00e9l\u00e8ve (la formation pratique au permis B dans un \u00e9tablissement d\u2019enseignement de la conduite doit comporter 20h de conduite minimum obligatoire pour un v\u00e9hicule boite manuelle, 13h pour un v\u00e9hicule avec boite automatique . Arr\u00eat\u00e9 du 22 d\u00e9cembre 2009).<\/p>\n","protected":false},"excerpt":{"rendered":"<p>Formation conduite supervis\u00e9e pour le Permis B boite manuelle avec code \u00e0 partir de 1450 \u20ac ( acompte d\u2019inscription 300\u20ac ) (tarif valable jusqu&rsquo;au 31\/07\/26) La Conduite supervis\u00e9e : La conduite supervis\u00e9e permet au candidat \u00e2g\u00e9 de 18 ans au minimum, inscrit dans une \u00e9cole de conduite, de compl\u00e9ter sa formation initiale par une phase [&hellip;]<\/p>\n","protected":false},"author":1,"featured_media":0,"parent":0,"menu_order":0,"comment_status":"closed","ping_status":"closed","template":"","meta":{"footnotes":""},"class_list":["post-340","page","type-page","status-publish","czr-hentry"],"_links":{"self":[{"href":"https:\/\/initiativeconduite.com\/index.php\/wp-json\/wp\/v2\/pages\/340","targetHints":{"allow":["GET"]}}],"collection":[{"href":"https:\/\/initiativeconduite.com\/index.php\/wp-json\/wp\/v2\/pages"}],"about":[{"href":"https:\/\/initiativeconduite.com\/index.php\/wp-json\/wp\/v2\/types\/page"}],"author":[{"embeddable":true,"href":"https:\/\/initiativeconduite.com\/index.php\/wp-json\/wp\/v2\/users\/1"}],"replies":[{"embeddable":true,"href":"https:\/\/initiativeconduite.com\/index.php\/wp-json\/wp\/v2\/comments?post=340"}],"version-history":[{"count":22,"href":"https:\/\/initiativeconduite.com\/index.php\/wp-json\/wp\/v2\/pages\/340\/revisions"}],"predecessor-version":[{"id":893,"href":"https:\/\/initiativeconduite.com\/index.php\/wp-json\/wp\/v2\/pages\/340\/revisions\/893"}],"wp:attachment":[{"href":"https:\/\/initiativeconduite.com\/index.php\/wp-json\/wp\/v2\/media?parent=340"}],"curies":[{"name":"wp","href":"https:\/\/api.w.org\/{rel}","templated":true}]}}